{"id":10,"date":"2019-09-01T20:17:21","date_gmt":"2019-09-01T20:17:21","guid":{"rendered":"http:\/\/beschriftungsschilder.de\/?page_id=10"},"modified":"2021-03-19T20:49:53","modified_gmt":"2021-03-19T20:49:53","slug":"mesmerize","status":"publish","type":"page","link":"https:\/\/beschriftungsschilder.de\/?page_id=10","title":{"rendered":"Referenzen"},"content":{"rendered":"<p style=\"text-align: left;\">Potsdam Steinstrasse 104 (Geb\u00e4ude der Bundespolizei, Stadtwerke Potsdam, etc.)<\/p>\n<p style=\"text-align: left;\"><img loading=\"lazy\" class=\"size-medium wp-image-61 alignleft\" src=\"http:\/\/beschriftungsschilder.de\/wp-content\/uploads\/2019\/09\/cropped-IMG_15451-2-300x200.jpg\" alt=\"\" width=\"300\" height=\"200\" srcset=\"https:\/\/beschriftungsschilder.de\/wp-content\/uploads\/2019\/09\/cropped-IMG_15451-2-300x200.jpg 300w, https:\/\/beschriftungsschilder.de\/wp-content\/uploads\/2019\/09\/cropped-IMG_15451-2-1024x683.jpg 1024w, https:\/\/beschriftungsschilder.de\/wp-content\/uploads\/2019\/09\/cropped-IMG_15451-2-768x512.jpg 768w, https:\/\/beschriftungsschilder.de\/wp-content\/uploads\/2019\/09\/cropped-IMG_15451-2-1536x1025.jpg 1536w, https:\/\/beschriftungsschilder.de\/wp-content\/uploads\/2019\/09\/cropped-IMG_15451-2-2048x1366.jpg 2048w, https:\/\/beschriftungsschilder.de\/wp-content\/uploads\/2019\/09\/cropped-IMG_15451-2-1619x1080.jpg 1619w\" sizes=\"(max-width: 300px) 100vw, 300px\" \/>Schildfarbe: rot<br \/>\nSchriftfarbe: wei\u00df<br \/>\nMaterialst\u00e4rke: 0,8mm<br \/>\nDurchmesser: 30mm<br \/>\nSt\u00fcckzahl: 762<\/p>\n<p>&nbsp;<\/p>\n<p>&nbsp;<\/p>\n<p style=\"text-align: left;\">Messe Berlin, Neubau Halle 27<\/p>\n<p><img loading=\"lazy\" class=\"alignleft wp-image-215\" src=\"http:\/\/beschriftungsschilder.de\/wp-content\/uploads\/2021\/03\/IMG_2066-scaled.jpeg\" alt=\"\" width=\"300\" height=\"225\" \/><\/p>\n<p style=\"text-align: left;\">Schildfarbe: wei\u00df<br \/>\nSchriftfarbe: schwarz<br \/>\nMaterialst\u00e4rke: 1,6mm<br \/>\nGr\u00f6\u00dfe: diverse Gr\u00f6\u00dfen zur Beschriftung von Rauchmeldern bis 90 x 290mm<br \/>\nSt\u00fcckzahl: \u00fcber 800 Schilder<\/p>\n","protected":false},"excerpt":{"rendered":"<p>Potsdam Steinstrasse 104 (Geb\u00e4ude der Bundespolizei, Stadtwerke Potsdam, etc.) Schildfarbe: rot Schriftfarbe: wei\u00df Materialst\u00e4rke: 0,8mm Durchmesser: 30mm St\u00fcckzahl: 762 &nbsp; &nbsp; Messe Berlin, Neubau Halle 27 Schildfarbe: wei\u00df Schriftfarbe: schwarz Materialst\u00e4rke: 1,6mm Gr\u00f6\u00dfe: diverse Gr\u00f6\u00dfen zur Beschriftung von Rauchmeldern bis 90 x 290mm St\u00fcckzahl: \u00fcber 800 Schilder<\/p>\n","protected":false},"author":1,"featured_media":0,"parent":0,"menu_order":0,"comment_status":"closed","ping_status":"closed","template":"","meta":[],"_links":{"self":[{"href":"https:\/\/beschriftungsschilder.de\/index.php?rest_route=\/wp\/v2\/pages\/10"}],"collection":[{"href":"https:\/\/beschriftungsschilder.de\/index.php?rest_route=\/wp\/v2\/pages"}],"about":[{"href":"https:\/\/beschriftungsschilder.de\/index.php?rest_route=\/wp\/v2\/types\/page"}],"author":[{"embeddable":true,"href":"https:\/\/beschriftungsschilder.de\/index.php?rest_route=\/wp\/v2\/users\/1"}],"replies":[{"embeddable":true,"href":"https:\/\/beschriftungsschilder.de\/index.php?rest_route=%2Fwp%2Fv2%2Fcomments&post=10"}],"version-history":[{"count":21,"href":"https:\/\/beschriftungsschilder.de\/index.php?rest_route=\/wp\/v2\/pages\/10\/revisions"}],"predecessor-version":[{"id":224,"href":"https:\/\/beschriftungsschilder.de\/index.php?rest_route=\/wp\/v2\/pages\/10\/revisions\/224"}],"wp:attachment":[{"href":"https:\/\/beschriftungsschilder.de\/index.php?rest_route=%2Fwp%2Fv2%2Fmedia&parent=10"}],"curies":[{"name":"wp","href":"https:\/\/api.w.org\/{rel}","templated":true}]}}