{"id":159,"date":"2021-03-10T21:01:07","date_gmt":"2021-03-10T21:01:07","guid":{"rendered":"http:\/\/beschriftungsschilder.de\/?page_id=159"},"modified":"2021-03-19T14:57:16","modified_gmt":"2021-03-19T14:57:16","slug":"kg-450","status":"publish","type":"page","link":"https:\/\/beschriftungsschilder.de\/?page_id=159","title":{"rendered":"Firmenportait"},"content":{"rendered":"<p><span style=\"color: #000000;\">Erste \u00dcberlegungen entstanden im Jahr 2017. Am 01.01.2018 wurde die Firma<\/span> <span style=\"color: #ff0000;\">beschriftungs<\/span><span style=\"color: #0000ff;\">schilder.de <span style=\"color: #000000;\">offiziell gegr\u00fcndet. Im Sommer 2018 wurde die erste gr\u00f6\u00dfere Investition get\u00e4tigt und eine Lasergraviermaschine vom Typ Trotec Speedy 100 angeschafft. Seit dem ist der Kundenstamm st\u00e4tig gewachsen.\u00a0<\/span><\/span><\/p>\n","protected":false},"excerpt":{"rendered":"<p>Erste \u00dcberlegungen entstanden im Jahr 2017. Am 01.01.2018 wurde die Firma beschriftungsschilder.de offiziell gegr\u00fcndet. Im Sommer 2018 wurde die erste gr\u00f6\u00dfere Investition get\u00e4tigt und eine Lasergraviermaschine vom Typ Trotec Speedy 100 angeschafft. Seit dem ist der Kundenstamm st\u00e4tig gewachsen.\u00a0<\/p>\n","protected":false},"author":1,"featured_media":0,"parent":0,"menu_order":0,"comment_status":"closed","ping_status":"closed","template":"","meta":[],"_links":{"self":[{"href":"https:\/\/beschriftungsschilder.de\/index.php?rest_route=\/wp\/v2\/pages\/159"}],"collection":[{"href":"https:\/\/beschriftungsschilder.de\/index.php?rest_route=\/wp\/v2\/pages"}],"about":[{"href":"https:\/\/beschriftungsschilder.de\/index.php?rest_route=\/wp\/v2\/types\/page"}],"author":[{"embeddable":true,"href":"https:\/\/beschriftungsschilder.de\/index.php?rest_route=\/wp\/v2\/users\/1"}],"replies":[{"embeddable":true,"href":"https:\/\/beschriftungsschilder.de\/index.php?rest_route=%2Fwp%2Fv2%2Fcomments&post=159"}],"version-history":[{"count":5,"href":"https:\/\/beschriftungsschilder.de\/index.php?rest_route=\/wp\/v2\/pages\/159\/revisions"}],"predecessor-version":[{"id":221,"href":"https:\/\/beschriftungsschilder.de\/index.php?rest_route=\/wp\/v2\/pages\/159\/revisions\/221"}],"wp:attachment":[{"href":"https:\/\/beschriftungsschilder.de\/index.php?rest_route=%2Fwp%2Fv2%2Fmedia&parent=159"}],"curies":[{"name":"wp","href":"https:\/\/api.w.org\/{rel}","templated":true}]}}